{"id":8,"date":"2017-05-24T10:59:53","date_gmt":"2017-05-24T15:59:53","guid":{"rendered":"https:\/\/encaso.volitivo.com\/site\/?page_id=8"},"modified":"2020-07-14T19:19:12","modified_gmt":"2020-07-15T00:19:12","slug":"acerca-de","status":"publish","type":"page","link":"https:\/\/encaso.volitivo.com\/site\/acerca-de\/","title":{"rendered":"Acerca de"},"content":{"rendered":"<p>Este sitio es uno de los tantos &#8220;Archivo Encaso&#8221;, \u00a0un respaldo no apto para todo el publico,\u00a0 un almac\u00e9n de incre\u00edbles historias que parecen sacadas de\u00a0 remotos pueblos escondidos en todo del mundo.<\/p>\n<p>Si usted no sabe a de que estamos hablando, por su bien (pero principalmente por nuestro bien), le pedimos encarecidamente que cierre este pagina y haga como que no vio nada. Ya que nadie de aqu\u00ed le podr\u00e1 resolver ninguna de sus dudas. Nadie de que se preocupara por atenderlo bien, Nadie, absolutamente nadie le explicara nada de nada.<\/p>\n<p>Si en cambio, usted sabe de que consta\u00a0 este sitio, no se preocupe, tampoco le resolveremos nada ni explicaremos nada de nada, lo que ves es lo que hay.<\/p>\n<p>As\u00ed que de la manera mas atenta, les pedimos a todos los que llegan aqu\u00ed que; NO JODA!<\/p>\n<p>Gracias y adi\u00f3s.<\/p>\n","protected":false},"excerpt":{"rendered":"<p>Este sitio es uno de los tantos &#8220;Archivo Encaso&#8221;, \u00a0un respaldo no apto para todo el publico,\u00a0 un almac\u00e9n de&hellip; <a class=\"read-more\" href=\"https:\/\/encaso.volitivo.com\/site\/acerca-de\/\">Read more <span class=\"screen-reader-text\">Acerca de<\/span><\/a><\/p>\n","protected":false},"author":1,"featured_media":14798,"parent":0,"menu_order":0,"comment_status":"closed","ping_status":"closed","template":"","meta":{"jetpack_post_was_ever_published":false,"footnotes":""},"class_list":["post-8","page","type-page","status-publish","has-post-thumbnail","hentry"],"jetpack_sharing_enabled":true,"jetpack_shortlink":"https:\/\/wp.me\/P8QBh9-8","jetpack-related-posts":[{"id":11,"url":"https:\/\/encaso.volitivo.com\/site\/que-carajos-es-este-sitio\/","url_meta":{"origin":8,"position":0},"title":"Que carajos es este sitio?","author":"ArchivoEncaso","date":"24\/05\/2017","format":false,"excerpt":"Si usted no sabe que es sitio, lamentamos informarle que no podemos hacer nada por usted, le pedimos encarecidamente que cierre esta pagina y no la vuelva a abrir jam\u00e1s en la vida, no trate de indagar m\u00e1s, no servir\u00e1 de nada. La damos las gracias por abrir esta pagina\u2026","rel":"","context":"Entrada similar ","block_context":{"text":"Entrada similar ","link":""},"img":{"alt_text":"","src":"https:\/\/i0.wp.com\/encaso.volitivo.com\/site\/wp-content\/uploads\/2018\/02\/Portada2018.jpg?fit=1200%2C410&ssl=1&resize=350%2C200","width":350,"height":200,"srcset":"https:\/\/i0.wp.com\/encaso.volitivo.com\/site\/wp-content\/uploads\/2018\/02\/Portada2018.jpg?fit=1200%2C410&ssl=1&resize=350%2C200 1x, https:\/\/i0.wp.com\/encaso.volitivo.com\/site\/wp-content\/uploads\/2018\/02\/Portada2018.jpg?fit=1200%2C410&ssl=1&resize=525%2C300 1.5x, https:\/\/i0.wp.com\/encaso.volitivo.com\/site\/wp-content\/uploads\/2018\/02\/Portada2018.jpg?fit=1200%2C410&ssl=1&resize=700%2C400 2x, https:\/\/i0.wp.com\/encaso.volitivo.com\/site\/wp-content\/uploads\/2018\/02\/Portada2018.jpg?fit=1200%2C410&ssl=1&resize=1050%2C600 3x"},"classes":[]},{"id":7,"url":"https:\/\/encaso.volitivo.com\/site\/inicio\/","url_meta":{"origin":8,"position":1},"title":"Inicio","author":"ArchivoEncaso","date":"24\/05\/2017","format":false,"excerpt":"\u00a1Bienvenido al #ArchivoEncaso! Si usted ya sabe lo que es esto, le damos la m\u00e1s cordial de las bienvenidas, disfrute usted de una base de datos (muy basta) de #ECDQEMSD. Si usted no sabe que hace aqu\u00ed, le pido que lea este peque\u00f1o articulo. Gracias. \u00a0 \u00a0","rel":"","context":"Entrada similar ","block_context":{"text":"Entrada similar ","link":""},"img":{"alt_text":"","src":"","width":0,"height":0},"classes":[]}],"_links":{"self":[{"href":"https:\/\/encaso.volitivo.com\/site\/wp-json\/wp\/v2\/pages\/8","targetHints":{"allow":["GET"]}}],"collection":[{"href":"https:\/\/encaso.volitivo.com\/site\/wp-json\/wp\/v2\/pages"}],"about":[{"href":"https:\/\/encaso.volitivo.com\/site\/wp-json\/wp\/v2\/types\/page"}],"author":[{"embeddable":true,"href":"https:\/\/encaso.volitivo.com\/site\/wp-json\/wp\/v2\/users\/1"}],"replies":[{"embeddable":true,"href":"https:\/\/encaso.volitivo.com\/site\/wp-json\/wp\/v2\/comments?post=8"}],"version-history":[{"count":4,"href":"https:\/\/encaso.volitivo.com\/site\/wp-json\/wp\/v2\/pages\/8\/revisions"}],"predecessor-version":[{"id":15791,"href":"https:\/\/encaso.volitivo.com\/site\/wp-json\/wp\/v2\/pages\/8\/revisions\/15791"}],"wp:featuredmedia":[{"embeddable":true,"href":"https:\/\/encaso.volitivo.com\/site\/wp-json\/wp\/v2\/media\/14798"}],"wp:attachment":[{"href":"https:\/\/encaso.volitivo.com\/site\/wp-json\/wp\/v2\/media?parent=8"}],"curies":[{"name":"wp","href":"https:\/\/api.w.org\/{rel}","templated":true}]}}